{"id":3602,"date":"2020-04-28T17:39:01","date_gmt":"2020-04-28T17:39:01","guid":{"rendered":"https:\/\/www.seiu105.org\/?page_id=3602"},"modified":"2020-04-28T23:45:35","modified_gmt":"2020-04-28T23:45:35","slug":"facemasks-distribution-instructions","status":"publish","type":"page","link":"https:\/\/www.seiu105.org\/es\/facemasks-distribution-instructions\/","title":{"rendered":"\ud83d\ude37 Instrucciones de distribuci\u00f3n de mascaras"},"content":{"rendered":"<p style=\"font-size:26px\"><strong>Lugar de recogida en Denver:<\/strong> 2525 West Alameda Avenue, Denver CO, 80219<\/p>\n\n\n\n<hr class=\"wp-block-separator\"\/>\n\n\n\n<p style=\"font-size:26px\"><strong>Lugar de recogida en Aurora <\/strong>14707 E 2nd Ave, Aurora, CO 80011<\/p>\n\n\n\n<hr class=\"wp-block-separator\"\/>\n\n\n\n<h4 class=\"has-vivid-purple-color has-text-color wp-block-heading\">Si vas a la oficina de Denver SEIU Local 105<\/h4>\n\n\n\n<p style=\"font-size:18px\">Est\u00e9 all\u00ed a la hora en que confirm\u00f3 su participaci\u00f3n, que es de 11 a.m. a 2 p.m. y de 4 p.m. a 7 p.m. El siguiente mapa es c\u00f3mo debe ingresar al edificio para que podamos distribuir f\u00e1cilmente m\u00e1scaras a nuestros miembros. Por favor use el siguiente mapa:<\/p>\n\n\n\n<figure class=\"wp-block-image size-large\"><img fetchpriority=\"high\" decoding=\"async\" width=\"1024\" height=\"453\" src=\"https:\/\/www.seiu105.org\/wp-content\/uploads\/2020\/04\/Alameda-Directions-2-1024x453.png\" alt=\"\" class=\"wp-image-3603\" srcset=\"https:\/\/www.seiu105.org\/wp-content\/uploads\/2020\/04\/Alameda-Directions-2-1024x453.png 1024w, https:\/\/www.seiu105.org\/wp-content\/uploads\/2020\/04\/Alameda-Directions-2-300x133.png 300w, https:\/\/www.seiu105.org\/wp-content\/uploads\/2020\/04\/Alameda-Directions-2-150x66.png 150w, https:\/\/www.seiu105.org\/wp-content\/uploads\/2020\/04\/Alameda-Directions-2-768x340.png 768w, https:\/\/www.seiu105.org\/wp-content\/uploads\/2020\/04\/Alameda-Directions-2-1536x679.png 1536w, https:\/\/www.seiu105.org\/wp-content\/uploads\/2020\/04\/Alameda-Directions-2.png 2012w\" sizes=\"(max-width: 1024px) 100vw, 1024px\" \/><\/figure>\n\n\n\n<h4 class=\"has-vivid-purple-color has-text-color wp-block-heading\">Si vas a la oficina de Aurora SEIU Local 105<\/h4>\n\n\n\n<p style=\"font-size:18px\">Est\u00e9 all\u00ed a la hora en que confirm\u00f3 su participaci\u00f3n, que es de 11 a.m. a 2 p.m. y de 4 p.m. a 7 p.m. El siguiente mapa es c\u00f3mo debe ingresar al edificio para que podamos distribuir f\u00e1cilmente m\u00e1scaras a nuestros miembros. Por favor use el siguiente mapa:<\/p>\n\n\n\n<figure class=\"wp-block-image size-large\"><img decoding=\"async\" width=\"1024\" height=\"922\" src=\"https:\/\/www.seiu105.org\/wp-content\/uploads\/2020\/04\/aurora2-1024x922.png\" alt=\"\" class=\"wp-image-3604\" srcset=\"https:\/\/www.seiu105.org\/wp-content\/uploads\/2020\/04\/aurora2-1024x922.png 1024w, https:\/\/www.seiu105.org\/wp-content\/uploads\/2020\/04\/aurora2-300x270.png 300w, https:\/\/www.seiu105.org\/wp-content\/uploads\/2020\/04\/aurora2-150x135.png 150w, https:\/\/www.seiu105.org\/wp-content\/uploads\/2020\/04\/aurora2-768x692.png 768w, https:\/\/www.seiu105.org\/wp-content\/uploads\/2020\/04\/aurora2.png 1105w\" sizes=\"(max-width: 1024px) 100vw, 1024px\" \/><\/figure>\n\n\n\n<p style=\"font-size:18px\">Estas son las dos l\u00edneas de recogida que puede tomar para acceder al edificio de oficinas de Aurora:<\/p>\n\n\n\n<figure class=\"wp-block-image size-large\"><img decoding=\"async\" width=\"1024\" height=\"791\" src=\"https:\/\/www.seiu105.org\/wp-content\/uploads\/2020\/04\/Distribution-map-pdf-1024x791.jpg\" alt=\"\" class=\"wp-image-3605\"\/><\/figure>","protected":false},"excerpt":{"rendered":"<p>Denver Pick-up Location: 2525 West Alameda Avenue, Denver CO, 80219 Aurora Pick-up Location: 14707 E 2nd Ave, Aurora, CO 80011 If you&#8217;re going to the Denver SEIU Local 105 office, 2525 West Alameda Avenue, Denver CO, 80219: Please be there the time that you RSVP&#8217;d which is either from 11 AM- 2 PM and 4 [&hellip;]<\/p>","protected":false},"author":16,"featured_media":0,"parent":0,"menu_order":0,"comment_status":"closed","ping_status":"closed","template":"","meta":{"_exactmetrics_skip_tracking":false,"_exactmetrics_sitenote_active":false,"_exactmetrics_sitenote_note":"","_exactmetrics_sitenote_category":0,"footnotes":""},"class_list":["post-3602","page","type-page","status-publish","hentry"],"yoast_head":"<!-- This site is optimized with the Yoast SEO plugin v25.2 - https:\/\/yoast.com\/wordpress\/plugins\/seo\/ -->\n<title>\ud83d\ude37 Facemasks Distribution Instructions - SEIU Local 105<\/title>\n<meta name=\"robots\" content=\"index, follow, max-snippet:-1, max-image-preview:large, max-video-preview:-1\" \/>\n<link rel=\"canonical\" href=\"https:\/\/www.seiu105.org\/es\/facemasks-distribution-instructions\/\" \/>\n<meta property=\"og:locale\" content=\"es_MX\" \/>\n<meta property=\"og:type\" content=\"article\" \/>\n<meta property=\"og:title\" content=\"\ud83d\ude37 Facemasks Distribution Instructions - SEIU Local 105\" \/>\n<meta property=\"og:description\" content=\"Denver Pick-up Location: 2525 West Alameda Avenue, Denver CO, 80219 Aurora Pick-up Location: 14707 E 2nd Ave, Aurora, CO 80011 If you&#8217;re going to the Denver SEIU Local 105 office, 2525 West Alameda Avenue, Denver CO, 80219: Please be there the time that you RSVP&#8217;d which is either from 11 AM- 2 PM and 4 [&hellip;]\" \/>\n<meta property=\"og:url\" content=\"https:\/\/www.seiu105.org\/es\/facemasks-distribution-instructions\/\" \/>\n<meta property=\"og:site_name\" content=\"SEIU Local 105\" \/>\n<meta property=\"article:publisher\" content=\"https:\/\/www.facebook.com\/SEIU105\" \/>\n<meta property=\"article:modified_time\" content=\"2020-04-28T23:45:35+00:00\" \/>\n<meta property=\"og:image\" content=\"https:\/\/www.seiu105.org\/wp-content\/uploads\/2020\/04\/Alameda-Directions-2-1024x453.png\" \/>\n<meta name=\"twitter:card\" content=\"summary_large_image\" \/>\n<meta name=\"twitter:site\" content=\"@SEIU105\" \/>\n<meta name=\"twitter:label1\" content=\"Tiempo de lectura\" \/>\n\t<meta name=\"twitter:data1\" content=\"1 minuto\" \/>\n<script type=\"application\/ld+json\" class=\"yoast-schema-graph\">{\"@context\":\"https:\/\/schema.org\",\"@graph\":[{\"@type\":\"WebPage\",\"@id\":\"https:\/\/www.seiu105.org\/facemasks-distribution-instructions\/\",\"url\":\"https:\/\/www.seiu105.org\/facemasks-distribution-instructions\/\",\"name\":\"\ud83d\ude37 Facemasks Distribution Instructions - SEIU Local 105\",\"isPartOf\":{\"@id\":\"https:\/\/live-seiu-local-105.pantheonsite.io\/#website\"},\"primaryImageOfPage\":{\"@id\":\"https:\/\/www.seiu105.org\/facemasks-distribution-instructions\/#primaryimage\"},\"image\":{\"@id\":\"https:\/\/www.seiu105.org\/facemasks-distribution-instructions\/#primaryimage\"},\"thumbnailUrl\":\"https:\/\/www.seiu105.org\/wp-content\/uploads\/2020\/04\/Alameda-Directions-2-1024x453.png\",\"datePublished\":\"2020-04-28T17:39:01+00:00\",\"dateModified\":\"2020-04-28T23:45:35+00:00\",\"breadcrumb\":{\"@id\":\"https:\/\/www.seiu105.org\/facemasks-distribution-instructions\/#breadcrumb\"},\"inLanguage\":\"es\",\"potentialAction\":[{\"@type\":\"ReadAction\",\"target\":[\"https:\/\/www.seiu105.org\/facemasks-distribution-instructions\/\"]}]},{\"@type\":\"ImageObject\",\"inLanguage\":\"es\",\"@id\":\"https:\/\/www.seiu105.org\/facemasks-distribution-instructions\/#primaryimage\",\"url\":\"https:\/\/www.seiu105.org\/wp-content\/uploads\/2020\/04\/Alameda-Directions-2-1024x453.png\",\"contentUrl\":\"https:\/\/www.seiu105.org\/wp-content\/uploads\/2020\/04\/Alameda-Directions-2-1024x453.png\"},{\"@type\":\"BreadcrumbList\",\"@id\":\"https:\/\/www.seiu105.org\/facemasks-distribution-instructions\/#breadcrumb\",\"itemListElement\":[{\"@type\":\"ListItem\",\"position\":1,\"name\":\"Home\",\"item\":\"https:\/\/live-seiu-local-105.pantheonsite.io\/\"},{\"@type\":\"ListItem\",\"position\":2,\"name\":\"\ud83d\ude37 Facemasks Distribution Instructions\"}]},{\"@type\":\"WebSite\",\"@id\":\"https:\/\/live-seiu-local-105.pantheonsite.io\/#website\",\"url\":\"https:\/\/live-seiu-local-105.pantheonsite.io\/\",\"name\":\"SEIU Local 105\",\"description\":\"\",\"publisher\":{\"@id\":\"https:\/\/live-seiu-local-105.pantheonsite.io\/#organization\"},\"potentialAction\":[{\"@type\":\"SearchAction\",\"target\":{\"@type\":\"EntryPoint\",\"urlTemplate\":\"https:\/\/live-seiu-local-105.pantheonsite.io\/?s={search_term_string}\"},\"query-input\":{\"@type\":\"PropertyValueSpecification\",\"valueRequired\":true,\"valueName\":\"search_term_string\"}}],\"inLanguage\":\"es\"},{\"@type\":\"Organization\",\"@id\":\"https:\/\/live-seiu-local-105.pantheonsite.io\/#organization\",\"name\":\"SEIU Local 105\",\"url\":\"https:\/\/live-seiu-local-105.pantheonsite.io\/\",\"logo\":{\"@type\":\"ImageObject\",\"inLanguage\":\"es\",\"@id\":\"https:\/\/live-seiu-local-105.pantheonsite.io\/#\/schema\/logo\/image\/\",\"url\":\"https:\/\/live-seiu-local-105.pantheonsite.io\/wp-content\/uploads\/2019\/08\/seiu105-logo-box.jpg\",\"contentUrl\":\"https:\/\/live-seiu-local-105.pantheonsite.io\/wp-content\/uploads\/2019\/08\/seiu105-logo-box.jpg\",\"width\":1500,\"height\":1500,\"caption\":\"SEIU Local 105\"},\"image\":{\"@id\":\"https:\/\/live-seiu-local-105.pantheonsite.io\/#\/schema\/logo\/image\/\"},\"sameAs\":[\"https:\/\/www.facebook.com\/SEIU105\",\"https:\/\/x.com\/SEIU105\",\"https:\/\/www.youtube.com\/channel\/UCi4D3lDRABd_KewLDS74_cQ\"]}]}<\/script>\n<!-- \/ Yoast SEO plugin. -->","yoast_head_json":{"title":"\ud83d\ude37 Facemasks Distribution Instructions - SEIU Local 105","robots":{"index":"index","follow":"follow","max-snippet":"max-snippet:-1","max-image-preview":"max-image-preview:large","max-video-preview":"max-video-preview:-1"},"canonical":"https:\/\/www.seiu105.org\/es\/facemasks-distribution-instructions\/","og_locale":"es_MX","og_type":"article","og_title":"\ud83d\ude37 Facemasks Distribution Instructions - SEIU Local 105","og_description":"Denver Pick-up Location: 2525 West Alameda Avenue, Denver CO, 80219 Aurora Pick-up Location: 14707 E 2nd Ave, Aurora, CO 80011 If you&#8217;re going to the Denver SEIU Local 105 office, 2525 West Alameda Avenue, Denver CO, 80219: Please be there the time that you RSVP&#8217;d which is either from 11 AM- 2 PM and 4 [&hellip;]","og_url":"https:\/\/www.seiu105.org\/es\/facemasks-distribution-instructions\/","og_site_name":"SEIU Local 105","article_publisher":"https:\/\/www.facebook.com\/SEIU105","article_modified_time":"2020-04-28T23:45:35+00:00","og_image":[{"url":"https:\/\/www.seiu105.org\/wp-content\/uploads\/2020\/04\/Alameda-Directions-2-1024x453.png","type":"","width":"","height":""}],"twitter_card":"summary_large_image","twitter_site":"@SEIU105","twitter_misc":{"Tiempo de lectura":"1 minuto"},"schema":{"@context":"https:\/\/schema.org","@graph":[{"@type":"WebPage","@id":"https:\/\/www.seiu105.org\/facemasks-distribution-instructions\/","url":"https:\/\/www.seiu105.org\/facemasks-distribution-instructions\/","name":"\ud83d\ude37 Facemasks Distribution Instructions - SEIU Local 105","isPartOf":{"@id":"https:\/\/live-seiu-local-105.pantheonsite.io\/#website"},"primaryImageOfPage":{"@id":"https:\/\/www.seiu105.org\/facemasks-distribution-instructions\/#primaryimage"},"image":{"@id":"https:\/\/www.seiu105.org\/facemasks-distribution-instructions\/#primaryimage"},"thumbnailUrl":"https:\/\/www.seiu105.org\/wp-content\/uploads\/2020\/04\/Alameda-Directions-2-1024x453.png","datePublished":"2020-04-28T17:39:01+00:00","dateModified":"2020-04-28T23:45:35+00:00","breadcrumb":{"@id":"https:\/\/www.seiu105.org\/facemasks-distribution-instructions\/#breadcrumb"},"inLanguage":"es","potentialAction":[{"@type":"ReadAction","target":["https:\/\/www.seiu105.org\/facemasks-distribution-instructions\/"]}]},{"@type":"ImageObject","inLanguage":"es","@id":"https:\/\/www.seiu105.org\/facemasks-distribution-instructions\/#primaryimage","url":"https:\/\/www.seiu105.org\/wp-content\/uploads\/2020\/04\/Alameda-Directions-2-1024x453.png","contentUrl":"https:\/\/www.seiu105.org\/wp-content\/uploads\/2020\/04\/Alameda-Directions-2-1024x453.png"},{"@type":"BreadcrumbList","@id":"https:\/\/www.seiu105.org\/facemasks-distribution-instructions\/#breadcrumb","itemListElement":[{"@type":"ListItem","position":1,"name":"Home","item":"https:\/\/live-seiu-local-105.pantheonsite.io\/"},{"@type":"ListItem","position":2,"name":"\ud83d\ude37 Facemasks Distribution Instructions"}]},{"@type":"WebSite","@id":"https:\/\/live-seiu-local-105.pantheonsite.io\/#website","url":"https:\/\/live-seiu-local-105.pantheonsite.io\/","name":"SEIU Local 105","description":"","publisher":{"@id":"https:\/\/live-seiu-local-105.pantheonsite.io\/#organization"},"potentialAction":[{"@type":"SearchAction","target":{"@type":"EntryPoint","urlTemplate":"https:\/\/live-seiu-local-105.pantheonsite.io\/?s={search_term_string}"},"query-input":{"@type":"PropertyValueSpecification","valueRequired":true,"valueName":"search_term_string"}}],"inLanguage":"es"},{"@type":"Organization","@id":"https:\/\/live-seiu-local-105.pantheonsite.io\/#organization","name":"SEIU Local 105","url":"https:\/\/live-seiu-local-105.pantheonsite.io\/","logo":{"@type":"ImageObject","inLanguage":"es","@id":"https:\/\/live-seiu-local-105.pantheonsite.io\/#\/schema\/logo\/image\/","url":"https:\/\/live-seiu-local-105.pantheonsite.io\/wp-content\/uploads\/2019\/08\/seiu105-logo-box.jpg","contentUrl":"https:\/\/live-seiu-local-105.pantheonsite.io\/wp-content\/uploads\/2019\/08\/seiu105-logo-box.jpg","width":1500,"height":1500,"caption":"SEIU Local 105"},"image":{"@id":"https:\/\/live-seiu-local-105.pantheonsite.io\/#\/schema\/logo\/image\/"},"sameAs":["https:\/\/www.facebook.com\/SEIU105","https:\/\/x.com\/SEIU105","https:\/\/www.youtube.com\/channel\/UCi4D3lDRABd_KewLDS74_cQ"]}]}},"_links":{"self":[{"href":"https:\/\/www.seiu105.org\/es\/wp-json\/wp\/v2\/pages\/3602","targetHints":{"allow":["GET"]}}],"collection":[{"href":"https:\/\/www.seiu105.org\/es\/wp-json\/wp\/v2\/pages"}],"about":[{"href":"https:\/\/www.seiu105.org\/es\/wp-json\/wp\/v2\/types\/page"}],"author":[{"embeddable":true,"href":"https:\/\/www.seiu105.org\/es\/wp-json\/wp\/v2\/users\/16"}],"replies":[{"embeddable":true,"href":"https:\/\/www.seiu105.org\/es\/wp-json\/wp\/v2\/comments?post=3602"}],"version-history":[{"count":8,"href":"https:\/\/www.seiu105.org\/es\/wp-json\/wp\/v2\/pages\/3602\/revisions"}],"predecessor-version":[{"id":3615,"href":"https:\/\/www.seiu105.org\/es\/wp-json\/wp\/v2\/pages\/3602\/revisions\/3615"}],"wp:attachment":[{"href":"https:\/\/www.seiu105.org\/es\/wp-json\/wp\/v2\/media?parent=3602"}],"curies":[{"name":"wp","href":"https:\/\/api.w.org\/{rel}","templated":true}]}}