{"id":3893,"date":"2020-08-25T16:44:30","date_gmt":"2020-08-25T16:44:30","guid":{"rendered":"https:\/\/www.seiu105.org\/?page_id=3893"},"modified":"2020-10-12T00:11:08","modified_gmt":"2020-10-12T00:11:08","slug":"seiu2020volunteer","status":"publish","type":"page","link":"https:\/\/www.seiu105.org\/es\/seiu2020volunteer\/","title":{"rendered":"Elecciones 2020: \u00a1Detalles y sea voluntario hoy!"},"content":{"rendered":"<p class=\"has-text-color has-background has-normal-font-size has-very-light-gray-color has-vivid-purple-background-color\"><strong>\u00a1Complete el formulario a continuaci\u00f3n para ser voluntario con su sindicato y ayudar a elegir candidatos que luchar\u00e1n por las familias trabajadoras!<\/strong><\/p>\n\n\n\n<link rel=\"preload\" href=\"https:\/\/d3rse9xjbp8270.cloudfront.net\/at.js\" as=\"script\" crossorigin=\"anonymous\">\n <link rel=\"preload\" href=\"https:\/\/d3rse9xjbp8270.cloudfront.net\/at.min.css\" as=\"style\">\n <script type=\"text\/javascript\" src=\"https:\/\/d3rse9xjbp8270.cloudfront.net\/at.js\" crossorigin=\"anonymous\"><\/script>\n <div class=\"ngp-form\" data-form-url=\"https:\/\/secure.everyaction.com\/v1\/Forms\/YbPfeFQnSEynRA2XfFK9Bg2\" data-fastaction-endpoint=\"https:\/\/fastaction.ngpvan.com\" data-inline-errors=\"true\" data-fastaction-nologin=\"true\" data-databag-endpoint=\"https:\/\/profile.ngpvan.com\" data-databag=\"everybody\" data-mobile-autofocus=\"false\">\n<\/div>\n\n\n\n<p style=\"font-size:23px\" class=\"has-text-color has-background has-text-align-center has-very-light-gray-color has-vivid-purple-background-color\"><strong><a href=\"https:\/\/www.seiu105.org\/es\/political\/%f0%9f%97%b3-seiu-local-105-announces-2020-candidate-endorsements\/\">\u00a1Haga clic aqu\u00ed para encontrar sus candidatos respaldados por SEIU Local 105 y medidas de votaci\u00f3n!<\/a><\/strong><\/p>\n\n\n\n<h2 class=\"has-vivid-purple-color has-text-color has-text-align-center wp-block-heading\">\u2714 <strong>\u00a1OPORTUNIDADES PARA VOLUNTARIOS!<\/strong><\/h2>\n\n\n\n<hr class=\"wp-block-separator has-text-color has-background has-luminous-vivid-amber-background-color has-luminous-vivid-amber-color is-style-dots\"\/>\n\n\n\n<p class=\"has-text-color has-background has-text-align-center has-medium-font-size has-vivid-cyan-blue-color has-luminous-vivid-amber-background-color\">\u23ed <strong><a href=\"https:\/\/www.mobilize.us\/seiu\/\">Llamadas Virtuales para candidatos de Colorado!<\/a><\/strong><\/p>\n\n\n\n<p class=\"has-background has-text-align-center has-medium-font-size has-luminous-vivid-amber-background-color\">\u23ed <strong><a href=\"https:\/\/www.mobilize.us\/seiu\/event\/316066\/\">SEIU llama para Biden!<\/a><\/strong><\/p>\n\n\n\n<p class=\"has-background has-text-align-center has-medium-font-size has-luminous-vivid-amber-background-color\">\u23ed <a href=\"https:\/\/www.mobilize.us\/seiu\/?address=80906&amp;lat=38.7665005&amp;lon=-104.8804893\"><strong>Llama con la campa\u00f1a de Biden!<\/strong><\/a><\/p>\n\n\n\n<p class=\"has-background has-text-align-center has-medium-font-size has-luminous-vivid-amber-background-color\">\u23ed <strong><a href=\"https:\/\/www.mobilize.us\/seiu\/event\/316066\/\">Movilizaci\u00f3n de voluntarios del fin de semana nacional de SEIU<\/a><\/strong><a href=\"https:\/\/www.mobilize.us\/seiu\/event\/316066\/\"><strong>!<\/strong><\/a><\/p>\n\n\n\n<p><strong>CUANDO:<\/strong> Todos los s\u00e1bados a partir del 12 de septiembre a las 10 am PT \/ 1 pm ET.&nbsp; <\/p>\n\n\n\n<p><strong>QUE:<\/strong> Estamos entusiasmados con esta oportunidad de reunir a miembros de SEIU de todo el pa\u00eds en un espacio de Zoom y luego hacer llamadas en un divertido marcador telef\u00f3nico que maximiza la capacidad de los voluntarios para tener conversaciones reales. Estas llamadas ser\u00e1n principalmente para votantes de habla inglesa. Pronto anunciaremos m\u00e1s bancos de tel\u00e9fonos biling\u00fces en espa\u00f1ol y en idiomas API.&nbsp;&nbsp;<\/p>\n\n\n\n<p>Los miembros necesitar\u00e1n un tel\u00e9fono, Internet y una computadora, computadora port\u00e1til o tableta para participar. Para registrarse, visite&nbsp;<a rel=\"noreferrer noopener\" href=\"https:\/\/www.mobilize.us\/seiu\/event\/316066\/\" target=\"_blank\"><strong>https:\/\/www.mobilize.us\/seiu\/event\/316066\/<\/strong><\/a><\/p>\n\n\n\n<p class=\"has-background has-text-align-center has-medium-font-size has-luminous-vivid-amber-background-color\">\u23ed<strong><a href=\"https:\/\/www.mobilize.us\/cofamiliesfirst\/event\/314954\/\">Familias de Colorado primero: \u00a1Texto para licencia familiar y m\u00e9dica pagada!<\/a><\/strong><\/p>\n\n\n\n<p><strong>CUANDO:<\/strong> \u00a1CADA D\u00cdA!<\/p>\n\n\n\n<p><strong>ENLACE <a href=\"https:\/\/www.mobilize.us\/cofamiliesfirst\/event\/314954\/\">https:\/\/www.mobilize.us\/cofamiliesfirst\/event\/314954\/<\/a><\/strong><\/p>\n\n\n\n<p><strong>QUE:<\/strong> \u00a1La Campa\u00f1a Familias Primero de Colorado se complace en asociarse con SEIU Local 105 para enviar mensajes de texto a los votantes de todo el estado para que voten S\u00ed a la 118!<\/p>\n\n\n\n<p>Los residentes de Colorado no deber\u00edan tener que elegir entre pagar sus facturas y cuidar de sus familiares gravemente enfermos o tener un beb\u00e9. Necesitamos que los votantes exijan Licencia familiar y m\u00e9dica pagada AHORA votando S\u00cd a la 118.<\/p>\n\n\n\n<p style=\"font-size:25px\" class=\"has-text-color has-background has-text-align-center has-vivid-purple-color has-luminous-vivid-amber-background-color\">\u23ed <strong><strong><a href=\"https:\/\/u1584542.ct.sendgrid.net\/ss\/c\/P8Elou2Rvc0qoMPEUZrMXXwX3f-vRD3lq9jn82jhjkBD5r66RtNFkEgpKRw5m_mFc2V2JGKCIu_EFqVXTy0bEmL5HRP8AeV_W4UwH0MKQQDRZwdcithuaMf8pbgC6pfgXWBOPbmJOA6xMxg109acjfW6Rk8YD5wKcR3VqkbiRgMOyETHypKCNxktehJycC4yIf6oKhWRcbz8S7yCAwhEJiTjUDT7RYDxko296ju7qJxjqsiIOvuHnb9XetZyvTQzmm6vyAtuG0n2menQhrzvJn5m7GGzBhP4yV9vRGu685dF0GLWq0G157T2Qpr4oBMbnipFj_d2qnynweQB4qPpP_BZHaqrj8XoYLQAwxFKmvEut5XXMPzEvIkf37QL4Z-3PCeBqRVz-SqQOtDHP-xJTXj60MVzKqkR-JPUNZYKCdI\/34u\/vrfDfFwlS7epD_MuHBWZgw\/h2\/mC4453__YQWz7KETiQn1IgPvwKlX810sXQU_hwG7K4Y\">Bancos telef\u00f3nicos martes \/ jueves<\/a><\/strong><\/strong><\/p>\n\n\n\n<p><strong>\u00bfQuieres hacer llamadas desde casa los martes o jueves? <\/strong>Los bancos telef\u00f3nicos de martes \/ jueves comienzan con una capacitaci\u00f3n a trav\u00e9s de Zoom a las 4:30 y las llamadas comienzan a las 5:00 pm.<\/p>\n\n\n\n<p style=\"font-size:26px\"><a href=\"https:\/\/u1584542.ct.sendgrid.net\/ss\/c\/P8Elou2Rvc0qoMPEUZrMXXwX3f-vRD3lq9jn82jhjkBD5r66RtNFkEgpKRw5m_mFc2V2JGKCIu_EFqVXTy0bEmL5HRP8AeV_W4UwH0MKQQDRZwdcithuaMf8pbgC6pfgXWBOPbmJOA6xMxg109acjfW6Rk8YD5wKcR3VqkbiRgMOyETHypKCNxktehJycC4yIf6oKhWRcbz8S7yCAwhEJiTjUDT7RYDxko296ju7qJxjqsiIOvuHnb9XetZyvTQzmm6vyAtuG0n2menQhrzvJn5m7GGzBhP4yV9vRGu685dF0GLWq0G157T2Qpr4oBMbnipFj_d2qnynweQB4qPpP_BZHaqrj8XoYLQAwxFKmvEut5XXMPzEvIkf37QL4Z-3PCeBqRVz-SqQOtDHP-xJTXj60MVzKqkR-JPUNZYKCdI\/34u\/vrfDfFwlS7epD_MuHBWZgw\/h2\/mC4453__YQWz7KETiQn1IgPvwKlX810sXQU_hwG7K4Y\" target=\"_blank\" rel=\"noreferrer noopener\">\u00a1HAGA CLIC AQU\u00cd PARA REGISTRARTE!<\/a><\/p>\n\n\n\n<p><strong>\u00bfQuiz\u00e1s otra noche de la semana te funcione mejor? <\/strong>Comun\u00edquese con Robert Lindgren al 720-787-8040 para obtener m\u00e1s informaci\u00f3n.<\/p>\n\n\n\n<p class=\"has-text-color has-background has-text-align-center has-medium-font-size has-vivid-purple-color has-luminous-vivid-amber-background-color\">\u23ed <strong><a href=\"https:\/\/u1584542.ct.sendgrid.net\/ss\/c\/A7GQnnr_XzUYyessq5BiRMtTjx2ARMm5clNzTZOMCjA0P0YQWWu12cB8pYAMgxB9mVWBLOlInZUrAcS7VhXeMQoLnktCE6f0qF28LJmJJJgcoOzlnH363tRTplSPDl0jZgmZ-_Z9a89zJlGweixb5HL9IoLr_7tj5EadJRU2mUIgJuFucFOv1deH2DII5qUoJDXRn7_HwYgo3qxfC0zpaXP0l39WGT-U8VBsCTkwryNOIH9dYWPbyq31-S_4F5G1INIHqa4lomtG_tdS6hP9sFrLBlYLcFUfUKO8ezEBBcWjKIEHLx2AzN6OzV0r-3G2PKNb6L58qKSqfW-BiiJACNxR7UJ7jQMwml_NSzGxVbPeohOM2xdVOcPFPodvKaM1\/34u\/vrfDfFwlS7epD_MuHBWZgw\/h3\/e9uijHtpyK-FlGO6yljonSDWT6AcQlWUnHQgyLkPIWg\">S\u00e1bados de Union Power - A partir del 19 de septiembre<\/a><\/strong><\/p>\n\n\n\n<p>\u00a1Los s\u00e1bados de septiembre y octubre, la mano de obra organizar\u00e1 los s\u00e1bados de Union Power tanto en persona como en forma virtual! Los eventos del s\u00e1bado ser\u00e1n el 19 de septiembre, 3 de octubre, 10 de octubre, 17 de octubre, 24 de octubre y durante los \u00faltimos cuatro d\u00edas antes de la elecci\u00f3n.&nbsp;<\/p>\n\n\n\n<p style=\"font-size:26px\"><a href=\"https:\/\/u1584542.ct.sendgrid.net\/ss\/c\/A7GQnnr_XzUYyessq5BiRMtTjx2ARMm5clNzTZOMCjA0P0YQWWu12cB8pYAMgxB9mVWBLOlInZUrAcS7VhXeMQoLnktCE6f0qF28LJmJJJgcoOzlnH363tRTplSPDl0jZgmZ-_Z9a89zJlGweixb5HL9IoLr_7tj5EadJRU2mUIgJuFucFOv1deH2DII5qUoJDXRn7_HwYgo3qxfC0zpaXP0l39WGT-U8VBsCTkwryNOIH9dYWPbyq31-S_4F5G1INIHqa4lomtG_tdS6hP9sFrLBlYLcFUfUKO8ezEBBcWjKIEHLx2AzN6OzV0r-3G2PKNb6L58qKSqfW-BiiJACNxR7UJ7jQMwml_NSzGxVbPeohOM2xdVOcPFPodvKaM1\/34u\/vrfDfFwlS7epD_MuHBWZgw\/h3\/e9uijHtpyK-FlGO6yljonSDWT6AcQlWUnHQgyLkPIWg\" target=\"_blank\" rel=\"noreferrer noopener\">\u00a1HAGA CLIC AQU\u00cd PARA REGISTRARTE!<\/a><\/p>\n\n\n\n<p class=\"has-text-color has-background has-normal-font-size has-very-light-gray-color has-vivid-purple-background-color\"><strong><a rel=\"noreferrer noopener\" href=\"http:\/\/seiu2020.org\" target=\"_blank\">\u00a1HAGA CLIC AQU\u00cd para visitar seiu2020.org y obtener m\u00e1s informaci\u00f3n sobre lo que los trabajadores est\u00e1n exigiendo en todo el pa\u00eds en estas elecciones!<\/a><\/strong><\/p>\n\n\n\n<figure class=\"wp-block-image size-large\"><a href=\"\/es\/seiu2020.org\/\"><img fetchpriority=\"high\" decoding=\"async\" width=\"1024\" height=\"468\" src=\"https:\/\/www.seiu105.org\/wp-content\/uploads\/2020\/08\/Annotation-2020-08-25-103718-1024x468.png\" alt=\"\" class=\"wp-image-3894\" srcset=\"https:\/\/www.seiu105.org\/wp-content\/uploads\/2020\/08\/Annotation-2020-08-25-103718-1024x468.png 1024w, https:\/\/www.seiu105.org\/wp-content\/uploads\/2020\/08\/Annotation-2020-08-25-103718-300x137.png 300w, https:\/\/www.seiu105.org\/wp-content\/uploads\/2020\/08\/Annotation-2020-08-25-103718-150x69.png 150w, https:\/\/www.seiu105.org\/wp-content\/uploads\/2020\/08\/Annotation-2020-08-25-103718-768x351.png 768w, https:\/\/www.seiu105.org\/wp-content\/uploads\/2020\/08\/Annotation-2020-08-25-103718.png 1152w\" sizes=\"(max-width: 1024px) 100vw, 1024px\" \/><\/a><\/figure>\n\n\n\n<p class=\"has-text-color has-background has-normal-font-size has-very-light-gray-color has-vivid-purple-background-color\"><strong><a href=\"http:\/\/seiu2020.org\">\u00a1Visite la Plataforma de los Pueblos Trabajadores y vea qu\u00e9 funcionarios electos de Colorado est\u00e1n junto a las familias trabajadoras este a\u00f1o!<\/a><\/strong><\/p>\n\n\n\n<figure class=\"wp-block-image size-large\"><img decoding=\"async\" width=\"772\" height=\"559\" src=\"https:\/\/www.seiu105.org\/wp-content\/uploads\/2020\/08\/Annotation-2020-08-25-104325.png\" alt=\"\" class=\"wp-image-3895\" srcset=\"https:\/\/www.seiu105.org\/wp-content\/uploads\/2020\/08\/Annotation-2020-08-25-104325.png 772w, https:\/\/www.seiu105.org\/wp-content\/uploads\/2020\/08\/Annotation-2020-08-25-104325-300x217.png 300w, https:\/\/www.seiu105.org\/wp-content\/uploads\/2020\/08\/Annotation-2020-08-25-104325-150x109.png 150w, https:\/\/www.seiu105.org\/wp-content\/uploads\/2020\/08\/Annotation-2020-08-25-104325-768x556.png 768w\" sizes=\"(max-width: 772px) 100vw, 772px\" \/><\/figure>","protected":false},"excerpt":{"rendered":"<p>Fill out the form below to volunteer with your union to help elect candidates that will fight for working families! Click here to find your SEIU Local 105 Endorsed Candidates and ballot measures! \u2714 VOLUNTEER OPPORTUNITIES! \u23ed Colorado Virtual Phone Banks! \u23ed SEIU for Biden Phone Bank \u23ed Biden Campaign Phone Bank \u23ed SEIU National [&hellip;]<\/p>","protected":false},"author":16,"featured_media":2875,"parent":0,"menu_order":0,"comment_status":"closed","ping_status":"closed","template":"","meta":{"_exactmetrics_skip_tracking":false,"_exactmetrics_sitenote_active":false,"_exactmetrics_sitenote_note":"","_exactmetrics_sitenote_category":0,"footnotes":""},"class_list":["post-3893","page","type-page","status-publish","has-post-thumbnail","hentry"],"yoast_head":"<!-- This site is optimized with the Yoast SEO plugin v25.2 - https:\/\/yoast.com\/wordpress\/plugins\/seo\/ -->\n<title>SEIU 2020 Voting and Volunteer Details - SEIU Local 105<\/title>\n<meta name=\"robots\" content=\"index, follow, max-snippet:-1, max-image-preview:large, max-video-preview:-1\" \/>\n<link rel=\"canonical\" href=\"https:\/\/www.seiu105.org\/es\/seiu2020volunteer\/\" \/>\n<meta property=\"og:locale\" content=\"es_MX\" \/>\n<meta property=\"og:type\" content=\"article\" \/>\n<meta property=\"og:title\" content=\"SEIU 2020 Voting and Volunteer Details - SEIU Local 105\" \/>\n<meta property=\"og:description\" content=\"Fill out the form below to volunteer with your union to help elect candidates that will fight for working families! Click here to find your SEIU Local 105 Endorsed Candidates and ballot measures! \u2714 VOLUNTEER OPPORTUNITIES! \u23ed Colorado Virtual Phone Banks! \u23ed SEIU for Biden Phone Bank \u23ed Biden Campaign Phone Bank \u23ed SEIU National [&hellip;]\" \/>\n<meta property=\"og:url\" content=\"https:\/\/www.seiu105.org\/es\/seiu2020volunteer\/\" \/>\n<meta property=\"og:site_name\" content=\"SEIU Local 105\" \/>\n<meta property=\"article:publisher\" content=\"https:\/\/www.facebook.com\/SEIU105\" \/>\n<meta property=\"article:modified_time\" content=\"2020-10-12T00:11:08+00:00\" \/>\n<meta property=\"og:image\" content=\"https:\/\/www.seiu105.org\/wp-content\/uploads\/2019\/12\/seiu105-fb.jpg\" \/>\n\t<meta property=\"og:image:width\" content=\"2000\" \/>\n\t<meta property=\"og:image:height\" content=\"1500\" \/>\n\t<meta property=\"og:image:type\" content=\"image\/jpeg\" \/>\n<meta name=\"twitter:card\" content=\"summary_large_image\" \/>\n<meta name=\"twitter:site\" content=\"@SEIU105\" \/>\n<meta name=\"twitter:label1\" content=\"Tiempo de lectura\" \/>\n\t<meta name=\"twitter:data1\" content=\"2 minutos\" \/>\n<script type=\"application\/ld+json\" class=\"yoast-schema-graph\">{\"@context\":\"https:\/\/schema.org\",\"@graph\":[{\"@type\":\"WebPage\",\"@id\":\"https:\/\/www.seiu105.org\/es\/seiu2020volunteer\/\",\"url\":\"https:\/\/www.seiu105.org\/es\/seiu2020volunteer\/\",\"name\":\"SEIU 2020 Voting and Volunteer Details - SEIU Local 105\",\"isPartOf\":{\"@id\":\"https:\/\/live-seiu-local-105.pantheonsite.io\/#website\"},\"primaryImageOfPage\":{\"@id\":\"https:\/\/www.seiu105.org\/es\/seiu2020volunteer\/#primaryimage\"},\"image\":{\"@id\":\"https:\/\/www.seiu105.org\/es\/seiu2020volunteer\/#primaryimage\"},\"thumbnailUrl\":\"https:\/\/www.seiu105.org\/wp-content\/uploads\/2019\/12\/seiu105-fb.jpg\",\"datePublished\":\"2020-08-25T16:44:30+00:00\",\"dateModified\":\"2020-10-12T00:11:08+00:00\",\"breadcrumb\":{\"@id\":\"https:\/\/www.seiu105.org\/es\/seiu2020volunteer\/#breadcrumb\"},\"inLanguage\":\"es\",\"potentialAction\":[{\"@type\":\"ReadAction\",\"target\":[\"https:\/\/www.seiu105.org\/es\/seiu2020volunteer\/\"]}]},{\"@type\":\"ImageObject\",\"inLanguage\":\"es\",\"@id\":\"https:\/\/www.seiu105.org\/es\/seiu2020volunteer\/#primaryimage\",\"url\":\"https:\/\/www.seiu105.org\/wp-content\/uploads\/2019\/12\/seiu105-fb.jpg\",\"contentUrl\":\"https:\/\/www.seiu105.org\/wp-content\/uploads\/2019\/12\/seiu105-fb.jpg\",\"width\":2000,\"height\":1500},{\"@type\":\"BreadcrumbList\",\"@id\":\"https:\/\/www.seiu105.org\/es\/seiu2020volunteer\/#breadcrumb\",\"itemListElement\":[{\"@type\":\"ListItem\",\"position\":1,\"name\":\"Home\",\"item\":\"https:\/\/live-seiu-local-105.pantheonsite.io\/\"},{\"@type\":\"ListItem\",\"position\":2,\"name\":\"SEIU 2020 Voting and Volunteer Details\"}]},{\"@type\":\"WebSite\",\"@id\":\"https:\/\/live-seiu-local-105.pantheonsite.io\/#website\",\"url\":\"https:\/\/live-seiu-local-105.pantheonsite.io\/\",\"name\":\"SEIU Local 105\",\"description\":\"\",\"publisher\":{\"@id\":\"https:\/\/live-seiu-local-105.pantheonsite.io\/#organization\"},\"potentialAction\":[{\"@type\":\"SearchAction\",\"target\":{\"@type\":\"EntryPoint\",\"urlTemplate\":\"https:\/\/live-seiu-local-105.pantheonsite.io\/?s={search_term_string}\"},\"query-input\":{\"@type\":\"PropertyValueSpecification\",\"valueRequired\":true,\"valueName\":\"search_term_string\"}}],\"inLanguage\":\"es\"},{\"@type\":\"Organization\",\"@id\":\"https:\/\/live-seiu-local-105.pantheonsite.io\/#organization\",\"name\":\"SEIU Local 105\",\"url\":\"https:\/\/live-seiu-local-105.pantheonsite.io\/\",\"logo\":{\"@type\":\"ImageObject\",\"inLanguage\":\"es\",\"@id\":\"https:\/\/live-seiu-local-105.pantheonsite.io\/#\/schema\/logo\/image\/\",\"url\":\"https:\/\/live-seiu-local-105.pantheonsite.io\/wp-content\/uploads\/2019\/08\/seiu105-logo-box.jpg\",\"contentUrl\":\"https:\/\/live-seiu-local-105.pantheonsite.io\/wp-content\/uploads\/2019\/08\/seiu105-logo-box.jpg\",\"width\":1500,\"height\":1500,\"caption\":\"SEIU Local 105\"},\"image\":{\"@id\":\"https:\/\/live-seiu-local-105.pantheonsite.io\/#\/schema\/logo\/image\/\"},\"sameAs\":[\"https:\/\/www.facebook.com\/SEIU105\",\"https:\/\/x.com\/SEIU105\",\"https:\/\/www.youtube.com\/channel\/UCi4D3lDRABd_KewLDS74_cQ\"]}]}<\/script>\n<!-- \/ Yoast SEO plugin. -->","yoast_head_json":{"title":"SEIU 2020 Voting and Volunteer Details - SEIU Local 105","robots":{"index":"index","follow":"follow","max-snippet":"max-snippet:-1","max-image-preview":"max-image-preview:large","max-video-preview":"max-video-preview:-1"},"canonical":"https:\/\/www.seiu105.org\/es\/seiu2020volunteer\/","og_locale":"es_MX","og_type":"article","og_title":"SEIU 2020 Voting and Volunteer Details - SEIU Local 105","og_description":"Fill out the form below to volunteer with your union to help elect candidates that will fight for working families! Click here to find your SEIU Local 105 Endorsed Candidates and ballot measures! \u2714 VOLUNTEER OPPORTUNITIES! \u23ed Colorado Virtual Phone Banks! \u23ed SEIU for Biden Phone Bank \u23ed Biden Campaign Phone Bank \u23ed SEIU National [&hellip;]","og_url":"https:\/\/www.seiu105.org\/es\/seiu2020volunteer\/","og_site_name":"SEIU Local 105","article_publisher":"https:\/\/www.facebook.com\/SEIU105","article_modified_time":"2020-10-12T00:11:08+00:00","og_image":[{"width":2000,"height":1500,"url":"https:\/\/www.seiu105.org\/wp-content\/uploads\/2019\/12\/seiu105-fb.jpg","type":"image\/jpeg"}],"twitter_card":"summary_large_image","twitter_site":"@SEIU105","twitter_misc":{"Tiempo de lectura":"2 minutos"},"schema":{"@context":"https:\/\/schema.org","@graph":[{"@type":"WebPage","@id":"https:\/\/www.seiu105.org\/es\/seiu2020volunteer\/","url":"https:\/\/www.seiu105.org\/es\/seiu2020volunteer\/","name":"SEIU 2020 Voting and Volunteer Details - SEIU Local 105","isPartOf":{"@id":"https:\/\/live-seiu-local-105.pantheonsite.io\/#website"},"primaryImageOfPage":{"@id":"https:\/\/www.seiu105.org\/es\/seiu2020volunteer\/#primaryimage"},"image":{"@id":"https:\/\/www.seiu105.org\/es\/seiu2020volunteer\/#primaryimage"},"thumbnailUrl":"https:\/\/www.seiu105.org\/wp-content\/uploads\/2019\/12\/seiu105-fb.jpg","datePublished":"2020-08-25T16:44:30+00:00","dateModified":"2020-10-12T00:11:08+00:00","breadcrumb":{"@id":"https:\/\/www.seiu105.org\/es\/seiu2020volunteer\/#breadcrumb"},"inLanguage":"es","potentialAction":[{"@type":"ReadAction","target":["https:\/\/www.seiu105.org\/es\/seiu2020volunteer\/"]}]},{"@type":"ImageObject","inLanguage":"es","@id":"https:\/\/www.seiu105.org\/es\/seiu2020volunteer\/#primaryimage","url":"https:\/\/www.seiu105.org\/wp-content\/uploads\/2019\/12\/seiu105-fb.jpg","contentUrl":"https:\/\/www.seiu105.org\/wp-content\/uploads\/2019\/12\/seiu105-fb.jpg","width":2000,"height":1500},{"@type":"BreadcrumbList","@id":"https:\/\/www.seiu105.org\/es\/seiu2020volunteer\/#breadcrumb","itemListElement":[{"@type":"ListItem","position":1,"name":"Home","item":"https:\/\/live-seiu-local-105.pantheonsite.io\/"},{"@type":"ListItem","position":2,"name":"SEIU 2020 Voting and Volunteer Details"}]},{"@type":"WebSite","@id":"https:\/\/live-seiu-local-105.pantheonsite.io\/#website","url":"https:\/\/live-seiu-local-105.pantheonsite.io\/","name":"SEIU Local 105","description":"","publisher":{"@id":"https:\/\/live-seiu-local-105.pantheonsite.io\/#organization"},"potentialAction":[{"@type":"SearchAction","target":{"@type":"EntryPoint","urlTemplate":"https:\/\/live-seiu-local-105.pantheonsite.io\/?s={search_term_string}"},"query-input":{"@type":"PropertyValueSpecification","valueRequired":true,"valueName":"search_term_string"}}],"inLanguage":"es"},{"@type":"Organization","@id":"https:\/\/live-seiu-local-105.pantheonsite.io\/#organization","name":"SEIU Local 105","url":"https:\/\/live-seiu-local-105.pantheonsite.io\/","logo":{"@type":"ImageObject","inLanguage":"es","@id":"https:\/\/live-seiu-local-105.pantheonsite.io\/#\/schema\/logo\/image\/","url":"https:\/\/live-seiu-local-105.pantheonsite.io\/wp-content\/uploads\/2019\/08\/seiu105-logo-box.jpg","contentUrl":"https:\/\/live-seiu-local-105.pantheonsite.io\/wp-content\/uploads\/2019\/08\/seiu105-logo-box.jpg","width":1500,"height":1500,"caption":"SEIU Local 105"},"image":{"@id":"https:\/\/live-seiu-local-105.pantheonsite.io\/#\/schema\/logo\/image\/"},"sameAs":["https:\/\/www.facebook.com\/SEIU105","https:\/\/x.com\/SEIU105","https:\/\/www.youtube.com\/channel\/UCi4D3lDRABd_KewLDS74_cQ"]}]}},"_links":{"self":[{"href":"https:\/\/www.seiu105.org\/es\/wp-json\/wp\/v2\/pages\/3893","targetHints":{"allow":["GET"]}}],"collection":[{"href":"https:\/\/www.seiu105.org\/es\/wp-json\/wp\/v2\/pages"}],"about":[{"href":"https:\/\/www.seiu105.org\/es\/wp-json\/wp\/v2\/types\/page"}],"author":[{"embeddable":true,"href":"https:\/\/www.seiu105.org\/es\/wp-json\/wp\/v2\/users\/16"}],"replies":[{"embeddable":true,"href":"https:\/\/www.seiu105.org\/es\/wp-json\/wp\/v2\/comments?post=3893"}],"version-history":[{"count":25,"href":"https:\/\/www.seiu105.org\/es\/wp-json\/wp\/v2\/pages\/3893\/revisions"}],"predecessor-version":[{"id":4033,"href":"https:\/\/www.seiu105.org\/es\/wp-json\/wp\/v2\/pages\/3893\/revisions\/4033"}],"wp:featuredmedia":[{"embeddable":true,"href":"https:\/\/www.seiu105.org\/es\/wp-json\/wp\/v2\/media\/2875"}],"wp:attachment":[{"href":"https:\/\/www.seiu105.org\/es\/wp-json\/wp\/v2\/media?parent=3893"}],"curies":[{"name":"wp","href":"https:\/\/api.w.org\/{rel}","templated":true}]}}