{"id":4579,"date":"2021-07-02T19:56:16","date_gmt":"2021-07-02T19:56:16","guid":{"rendered":"https:\/\/www.seiu105.org\/?page_id=4579"},"modified":"2021-07-02T20:08:36","modified_gmt":"2021-07-02T20:08:36","slug":"join-us-for-a-town-hall-with-senator-hickenlooper","status":"publish","type":"page","link":"https:\/\/www.seiu105.org\/es\/join-us-for-a-town-hall-with-senator-hickenlooper\/","title":{"rendered":"Registrase para el Ayuntamiento del Senador Hickenlooper"},"content":{"rendered":"<p style=\"font-size:27px\"><strong><a href=\"https:\/\/docs.google.com\/forms\/d\/e\/1FAIpQLSc8JxjbTaZlEmfH3ZUEySq2t2VDQAdMwXRhUUrvoFiVw5AxSw\/viewform\">\u00a1Haga clic aqu\u00ed para registrarse!<\/a><\/strong><\/p>\n\n\n\n<p>El a\u00f1o pasado, nos unimos y trabajamos incre\u00edblemente duro para elegir un gobierno que trabajara para nosotros. Ese trabajo ha valido la pena de muchas maneras. Hemos visto\u00a0<strong>fondos federales cr\u00edticos para el estado, cheques de est\u00edmulo y una expansi\u00f3n temporal del cr\u00e9dito tributario por ni\u00f1os<\/strong>y todo esto fue apoyado por el senador estadounidense John Hickenlooper. Sin embargo, a\u00fan queda mucho trabajo por hacer.<\/p>\n\n\n\n<p>Ahora, tenemos la oportunidad de hablar directamente con el senador Hickenlooper sobre todo lo que hemos logrado y todo lo que a\u00fan necesita hacer para la reforma migratoria. \u00danase a nosotros en una reuni\u00f3n municipal exclusiva para miembros con el senador Hickenlooper el&nbsp;<strong>mi\u00e9rcoles 7 de julio de 6:30 a 7:15 p.m.<\/strong>.<\/p>\n\n\n\n<figure class=\"wp-block-image size-large is-style-default\"><img fetchpriority=\"high\" decoding=\"async\" width=\"1024\" height=\"512\" src=\"https:\/\/www.seiu105.org\/wp-content\/uploads\/2021\/07\/6.30.21-Hickenlooper-Graphic-1024x512.jpg\" alt=\"\" class=\"wp-image-4571\" srcset=\"https:\/\/www.seiu105.org\/wp-content\/uploads\/2021\/07\/6.30.21-Hickenlooper-Graphic-1024x512.jpg 1024w, https:\/\/www.seiu105.org\/wp-content\/uploads\/2021\/07\/6.30.21-Hickenlooper-Graphic-300x150.jpg 300w, https:\/\/www.seiu105.org\/wp-content\/uploads\/2021\/07\/6.30.21-Hickenlooper-Graphic-150x75.jpg 150w, https:\/\/www.seiu105.org\/wp-content\/uploads\/2021\/07\/6.30.21-Hickenlooper-Graphic-768x384.jpg 768w, https:\/\/www.seiu105.org\/wp-content\/uploads\/2021\/07\/6.30.21-Hickenlooper-Graphic-1536x768.jpg 1536w, https:\/\/www.seiu105.org\/wp-content\/uploads\/2021\/07\/6.30.21-Hickenlooper-Graphic-2048x1024.jpg 2048w, https:\/\/www.seiu105.org\/wp-content\/uploads\/2021\/07\/6.30.21-Hickenlooper-Graphic-16x8.jpg 16w\" sizes=\"(max-width: 1024px) 100vw, 1024px\" \/><\/figure>\n\n\n\n<p style=\"font-size:19px\"><strong>Fecha&nbsp;<\/strong>Mi\u00e9rcoles 7 de julio<br><strong>Hora&nbsp;<\/strong>6:30 PM &#8211; 7:15 PM<br><strong>UBICACI\u00d3N:&nbsp;<\/strong><a href=\"https:\/\/forms.gle\/6qy2BLpyKL5s4NK69?emci=b467614a-bfd9-eb11-a7ad-501ac57b8fa7&amp;emdi=ea000000-0000-0000-0000-000000000001&amp;ceid={{ContactsEmailID}}\" target=\"_blank\" rel=\"noreferrer noopener\">Virtual a trav\u00e9s del zoom<\/a><\/p>\n\n\n\n<p>El presidente ha presentado planes audaces para crear buenos empleos, aumentar el salario m\u00ednimo, construir infraestructura y hacer la transici\u00f3n a energ\u00edas limpias, mejorar la atenci\u00f3n domiciliaria de las personas que envejecen y tienen discapacidades y reconstruir mejor. Le preguntaremos al senador Hickenlooper sobre su apoyo a estos planes, la reforma migratoria y otros temas clave, y tendr\u00e1 la oportunidad de preguntar sobre lo que le preocupa.<\/p>\n\n\n\n<p>El senador Hickenlooper necesita saber que los miembros de&nbsp;<strong>miembros de SEIU Local 105 est\u00e1n observando,<\/strong>&nbsp;\u00a1y contamos con \u00e9l para que contin\u00fae poniendo a los trabajadores de Colorado en primer lugar!<\/p>\n\n\n\n<p><strong><a href=\"https:\/\/forms.gle\/6qy2BLpyKL5s4NK69?emci=b467614a-bfd9-eb11-a7ad-501ac57b8fa7&amp;emdi=ea000000-0000-0000-0000-000000000001&amp;ceid={{ContactsEmailID}}\" target=\"_blank\" rel=\"noreferrer noopener\">\u00a1Reg\u00edstrese aqu\u00ed para unirse a nosotros el pr\u00f3ximo mi\u00e9rcoles!<\/a><\/strong>&nbsp;<\/p>","protected":false},"excerpt":{"rendered":"<p>CLICK HERE TO REGISTER! Last year, we joined together and worked incredibly hard to elect a government that will work for us. That work has paid off in so many ways. We&#8217;ve seen\u00a0critical federal funding to the state, stimulus checks, and a temporary expansion of the child tax credit, and all of these were supported [&hellip;]<\/p>","protected":false},"author":16,"featured_media":0,"parent":0,"menu_order":0,"comment_status":"closed","ping_status":"closed","template":"","meta":{"_exactmetrics_skip_tracking":false,"_exactmetrics_sitenote_active":false,"_exactmetrics_sitenote_note":"","_exactmetrics_sitenote_category":0,"footnotes":""},"class_list":["post-4579","page","type-page","status-publish","hentry"],"yoast_head":"<!-- This site is optimized with the Yoast SEO plugin v25.2 - https:\/\/yoast.com\/wordpress\/plugins\/seo\/ -->\n<title>Join us for a town hall with Senator Hickenlooper! - SEIU Local 105<\/title>\n<meta name=\"robots\" content=\"index, follow, max-snippet:-1, max-image-preview:large, max-video-preview:-1\" \/>\n<link rel=\"canonical\" href=\"https:\/\/www.seiu105.org\/es\/join-us-for-a-town-hall-with-senator-hickenlooper\/\" \/>\n<meta property=\"og:locale\" content=\"es_MX\" \/>\n<meta property=\"og:type\" content=\"article\" \/>\n<meta property=\"og:title\" content=\"Join us for a town hall with Senator Hickenlooper! - SEIU Local 105\" \/>\n<meta property=\"og:description\" content=\"CLICK HERE TO REGISTER! Last year, we joined together and worked incredibly hard to elect a government that will work for us. That work has paid off in so many ways. We&#8217;ve seen\u00a0critical federal funding to the state, stimulus checks, and a temporary expansion of the child tax credit, and all of these were supported [&hellip;]\" \/>\n<meta property=\"og:url\" content=\"https:\/\/www.seiu105.org\/es\/join-us-for-a-town-hall-with-senator-hickenlooper\/\" \/>\n<meta property=\"og:site_name\" content=\"SEIU Local 105\" \/>\n<meta property=\"article:publisher\" content=\"https:\/\/www.facebook.com\/SEIU105\" \/>\n<meta property=\"article:modified_time\" content=\"2021-07-02T20:08:36+00:00\" \/>\n<meta property=\"og:image\" content=\"https:\/\/www.seiu105.org\/wp-content\/uploads\/2021\/07\/6.30.21-Hickenlooper-Graphic-1024x512.jpg\" \/>\n<meta name=\"twitter:card\" content=\"summary_large_image\" \/>\n<meta name=\"twitter:site\" content=\"@SEIU105\" \/>\n<meta name=\"twitter:label1\" content=\"Tiempo de lectura\" \/>\n\t<meta name=\"twitter:data1\" content=\"2 minutos\" \/>\n<script type=\"application\/ld+json\" class=\"yoast-schema-graph\">{\"@context\":\"https:\/\/schema.org\",\"@graph\":[{\"@type\":\"WebPage\",\"@id\":\"https:\/\/www.seiu105.org\/join-us-for-a-town-hall-with-senator-hickenlooper\/\",\"url\":\"https:\/\/www.seiu105.org\/join-us-for-a-town-hall-with-senator-hickenlooper\/\",\"name\":\"Join us for a town hall with Senator Hickenlooper! - SEIU Local 105\",\"isPartOf\":{\"@id\":\"https:\/\/live-seiu-local-105.pantheonsite.io\/#website\"},\"primaryImageOfPage\":{\"@id\":\"https:\/\/www.seiu105.org\/join-us-for-a-town-hall-with-senator-hickenlooper\/#primaryimage\"},\"image\":{\"@id\":\"https:\/\/www.seiu105.org\/join-us-for-a-town-hall-with-senator-hickenlooper\/#primaryimage\"},\"thumbnailUrl\":\"https:\/\/www.seiu105.org\/wp-content\/uploads\/2021\/07\/6.30.21-Hickenlooper-Graphic-1024x512.jpg\",\"datePublished\":\"2021-07-02T19:56:16+00:00\",\"dateModified\":\"2021-07-02T20:08:36+00:00\",\"breadcrumb\":{\"@id\":\"https:\/\/www.seiu105.org\/join-us-for-a-town-hall-with-senator-hickenlooper\/#breadcrumb\"},\"inLanguage\":\"es\",\"potentialAction\":[{\"@type\":\"ReadAction\",\"target\":[\"https:\/\/www.seiu105.org\/join-us-for-a-town-hall-with-senator-hickenlooper\/\"]}]},{\"@type\":\"ImageObject\",\"inLanguage\":\"es\",\"@id\":\"https:\/\/www.seiu105.org\/join-us-for-a-town-hall-with-senator-hickenlooper\/#primaryimage\",\"url\":\"https:\/\/www.seiu105.org\/wp-content\/uploads\/2021\/07\/6.30.21-Hickenlooper-Graphic-1024x512.jpg\",\"contentUrl\":\"https:\/\/www.seiu105.org\/wp-content\/uploads\/2021\/07\/6.30.21-Hickenlooper-Graphic-1024x512.jpg\"},{\"@type\":\"BreadcrumbList\",\"@id\":\"https:\/\/www.seiu105.org\/join-us-for-a-town-hall-with-senator-hickenlooper\/#breadcrumb\",\"itemListElement\":[{\"@type\":\"ListItem\",\"position\":1,\"name\":\"Home\",\"item\":\"https:\/\/live-seiu-local-105.pantheonsite.io\/\"},{\"@type\":\"ListItem\",\"position\":2,\"name\":\"Join us for a town hall with Senator Hickenlooper!\"}]},{\"@type\":\"WebSite\",\"@id\":\"https:\/\/live-seiu-local-105.pantheonsite.io\/#website\",\"url\":\"https:\/\/live-seiu-local-105.pantheonsite.io\/\",\"name\":\"SEIU Local 105\",\"description\":\"\",\"publisher\":{\"@id\":\"https:\/\/live-seiu-local-105.pantheonsite.io\/#organization\"},\"potentialAction\":[{\"@type\":\"SearchAction\",\"target\":{\"@type\":\"EntryPoint\",\"urlTemplate\":\"https:\/\/live-seiu-local-105.pantheonsite.io\/?s={search_term_string}\"},\"query-input\":{\"@type\":\"PropertyValueSpecification\",\"valueRequired\":true,\"valueName\":\"search_term_string\"}}],\"inLanguage\":\"es\"},{\"@type\":\"Organization\",\"@id\":\"https:\/\/live-seiu-local-105.pantheonsite.io\/#organization\",\"name\":\"SEIU Local 105\",\"url\":\"https:\/\/live-seiu-local-105.pantheonsite.io\/\",\"logo\":{\"@type\":\"ImageObject\",\"inLanguage\":\"es\",\"@id\":\"https:\/\/live-seiu-local-105.pantheonsite.io\/#\/schema\/logo\/image\/\",\"url\":\"https:\/\/live-seiu-local-105.pantheonsite.io\/wp-content\/uploads\/2019\/08\/seiu105-logo-box.jpg\",\"contentUrl\":\"https:\/\/live-seiu-local-105.pantheonsite.io\/wp-content\/uploads\/2019\/08\/seiu105-logo-box.jpg\",\"width\":1500,\"height\":1500,\"caption\":\"SEIU Local 105\"},\"image\":{\"@id\":\"https:\/\/live-seiu-local-105.pantheonsite.io\/#\/schema\/logo\/image\/\"},\"sameAs\":[\"https:\/\/www.facebook.com\/SEIU105\",\"https:\/\/x.com\/SEIU105\",\"https:\/\/www.youtube.com\/channel\/UCi4D3lDRABd_KewLDS74_cQ\"]}]}<\/script>\n<!-- \/ Yoast SEO plugin. -->","yoast_head_json":{"title":"Join us for a town hall with Senator Hickenlooper! - SEIU Local 105","robots":{"index":"index","follow":"follow","max-snippet":"max-snippet:-1","max-image-preview":"max-image-preview:large","max-video-preview":"max-video-preview:-1"},"canonical":"https:\/\/www.seiu105.org\/es\/join-us-for-a-town-hall-with-senator-hickenlooper\/","og_locale":"es_MX","og_type":"article","og_title":"Join us for a town hall with Senator Hickenlooper! - SEIU Local 105","og_description":"CLICK HERE TO REGISTER! Last year, we joined together and worked incredibly hard to elect a government that will work for us. That work has paid off in so many ways. We&#8217;ve seen\u00a0critical federal funding to the state, stimulus checks, and a temporary expansion of the child tax credit, and all of these were supported [&hellip;]","og_url":"https:\/\/www.seiu105.org\/es\/join-us-for-a-town-hall-with-senator-hickenlooper\/","og_site_name":"SEIU Local 105","article_publisher":"https:\/\/www.facebook.com\/SEIU105","article_modified_time":"2021-07-02T20:08:36+00:00","og_image":[{"url":"https:\/\/www.seiu105.org\/wp-content\/uploads\/2021\/07\/6.30.21-Hickenlooper-Graphic-1024x512.jpg","type":"","width":"","height":""}],"twitter_card":"summary_large_image","twitter_site":"@SEIU105","twitter_misc":{"Tiempo de lectura":"2 minutos"},"schema":{"@context":"https:\/\/schema.org","@graph":[{"@type":"WebPage","@id":"https:\/\/www.seiu105.org\/join-us-for-a-town-hall-with-senator-hickenlooper\/","url":"https:\/\/www.seiu105.org\/join-us-for-a-town-hall-with-senator-hickenlooper\/","name":"Join us for a town hall with Senator Hickenlooper! - SEIU Local 105","isPartOf":{"@id":"https:\/\/live-seiu-local-105.pantheonsite.io\/#website"},"primaryImageOfPage":{"@id":"https:\/\/www.seiu105.org\/join-us-for-a-town-hall-with-senator-hickenlooper\/#primaryimage"},"image":{"@id":"https:\/\/www.seiu105.org\/join-us-for-a-town-hall-with-senator-hickenlooper\/#primaryimage"},"thumbnailUrl":"https:\/\/www.seiu105.org\/wp-content\/uploads\/2021\/07\/6.30.21-Hickenlooper-Graphic-1024x512.jpg","datePublished":"2021-07-02T19:56:16+00:00","dateModified":"2021-07-02T20:08:36+00:00","breadcrumb":{"@id":"https:\/\/www.seiu105.org\/join-us-for-a-town-hall-with-senator-hickenlooper\/#breadcrumb"},"inLanguage":"es","potentialAction":[{"@type":"ReadAction","target":["https:\/\/www.seiu105.org\/join-us-for-a-town-hall-with-senator-hickenlooper\/"]}]},{"@type":"ImageObject","inLanguage":"es","@id":"https:\/\/www.seiu105.org\/join-us-for-a-town-hall-with-senator-hickenlooper\/#primaryimage","url":"https:\/\/www.seiu105.org\/wp-content\/uploads\/2021\/07\/6.30.21-Hickenlooper-Graphic-1024x512.jpg","contentUrl":"https:\/\/www.seiu105.org\/wp-content\/uploads\/2021\/07\/6.30.21-Hickenlooper-Graphic-1024x512.jpg"},{"@type":"BreadcrumbList","@id":"https:\/\/www.seiu105.org\/join-us-for-a-town-hall-with-senator-hickenlooper\/#breadcrumb","itemListElement":[{"@type":"ListItem","position":1,"name":"Home","item":"https:\/\/live-seiu-local-105.pantheonsite.io\/"},{"@type":"ListItem","position":2,"name":"Join us for a town hall with Senator Hickenlooper!"}]},{"@type":"WebSite","@id":"https:\/\/live-seiu-local-105.pantheonsite.io\/#website","url":"https:\/\/live-seiu-local-105.pantheonsite.io\/","name":"SEIU Local 105","description":"","publisher":{"@id":"https:\/\/live-seiu-local-105.pantheonsite.io\/#organization"},"potentialAction":[{"@type":"SearchAction","target":{"@type":"EntryPoint","urlTemplate":"https:\/\/live-seiu-local-105.pantheonsite.io\/?s={search_term_string}"},"query-input":{"@type":"PropertyValueSpecification","valueRequired":true,"valueName":"search_term_string"}}],"inLanguage":"es"},{"@type":"Organization","@id":"https:\/\/live-seiu-local-105.pantheonsite.io\/#organization","name":"SEIU Local 105","url":"https:\/\/live-seiu-local-105.pantheonsite.io\/","logo":{"@type":"ImageObject","inLanguage":"es","@id":"https:\/\/live-seiu-local-105.pantheonsite.io\/#\/schema\/logo\/image\/","url":"https:\/\/live-seiu-local-105.pantheonsite.io\/wp-content\/uploads\/2019\/08\/seiu105-logo-box.jpg","contentUrl":"https:\/\/live-seiu-local-105.pantheonsite.io\/wp-content\/uploads\/2019\/08\/seiu105-logo-box.jpg","width":1500,"height":1500,"caption":"SEIU Local 105"},"image":{"@id":"https:\/\/live-seiu-local-105.pantheonsite.io\/#\/schema\/logo\/image\/"},"sameAs":["https:\/\/www.facebook.com\/SEIU105","https:\/\/x.com\/SEIU105","https:\/\/www.youtube.com\/channel\/UCi4D3lDRABd_KewLDS74_cQ"]}]}},"_links":{"self":[{"href":"https:\/\/www.seiu105.org\/es\/wp-json\/wp\/v2\/pages\/4579","targetHints":{"allow":["GET"]}}],"collection":[{"href":"https:\/\/www.seiu105.org\/es\/wp-json\/wp\/v2\/pages"}],"about":[{"href":"https:\/\/www.seiu105.org\/es\/wp-json\/wp\/v2\/types\/page"}],"author":[{"embeddable":true,"href":"https:\/\/www.seiu105.org\/es\/wp-json\/wp\/v2\/users\/16"}],"replies":[{"embeddable":true,"href":"https:\/\/www.seiu105.org\/es\/wp-json\/wp\/v2\/comments?post=4579"}],"version-history":[{"count":2,"href":"https:\/\/www.seiu105.org\/es\/wp-json\/wp\/v2\/pages\/4579\/revisions"}],"predecessor-version":[{"id":4581,"href":"https:\/\/www.seiu105.org\/es\/wp-json\/wp\/v2\/pages\/4579\/revisions\/4581"}],"wp:attachment":[{"href":"https:\/\/www.seiu105.org\/es\/wp-json\/wp\/v2\/media?parent=4579"}],"curies":[{"name":"wp","href":"https:\/\/api.w.org\/{rel}","templated":true}]}}