{"id":7056,"date":"2024-02-12T20:30:52","date_gmt":"2024-02-12T20:30:52","guid":{"rendered":"https:\/\/www.seiu105.org\/?page_id=7056"},"modified":"2024-02-12T20:37:02","modified_gmt":"2024-02-12T20:37:02","slug":"valentinreuniones","status":"publish","type":"page","link":"https:\/\/www.seiu105.org\/es\/valentinreuniones\/","title":{"rendered":"Reuniones de miembros de la Semana de San Valent\u00edn \/ Valentines Week Member Meetings!"},"content":{"rendered":"<figure class=\"wp-block-image size-large\"><img fetchpriority=\"high\" decoding=\"async\" width=\"1024\" height=\"768\" src=\"https:\/\/www.seiu105.org\/wp-content\/uploads\/2024\/02\/427827804_7447734735258500_8356778428050434244_n-1024x768.jpg\" alt=\"\" class=\"wp-image-7061\" style=\"aspect-ratio:16\/9;object-fit:cover\" srcset=\"https:\/\/www.seiu105.org\/wp-content\/uploads\/2024\/02\/427827804_7447734735258500_8356778428050434244_n-1024x768.jpg 1024w, https:\/\/www.seiu105.org\/wp-content\/uploads\/2024\/02\/427827804_7447734735258500_8356778428050434244_n-300x225.jpg 300w, https:\/\/www.seiu105.org\/wp-content\/uploads\/2024\/02\/427827804_7447734735258500_8356778428050434244_n-150x113.jpg 150w, https:\/\/www.seiu105.org\/wp-content\/uploads\/2024\/02\/427827804_7447734735258500_8356778428050434244_n-768x576.jpg 768w, https:\/\/www.seiu105.org\/wp-content\/uploads\/2024\/02\/427827804_7447734735258500_8356778428050434244_n-1536x1152.jpg 1536w, https:\/\/www.seiu105.org\/wp-content\/uploads\/2024\/02\/427827804_7447734735258500_8356778428050434244_n-16x12.jpg 16w, https:\/\/www.seiu105.org\/wp-content\/uploads\/2024\/02\/427827804_7447734735258500_8356778428050434244_n.jpg 2048w\" sizes=\"(max-width: 1024px) 100vw, 1024px\" \/><\/figure>\n\n\n\n<p>\u00danase a nosotros esta semana en una de nuestras breves reuniones de miembros de 15 minutos para recibir un regalo y obtener m\u00e1s informaci\u00f3n sobre c\u00f3mo continuamos organiz\u00e1ndonos para ganar fuertes aumentos y beneficios en nuestras Negociaciones de el Contrato Maestro.<\/p>\n\n\n\n<p><\/p>\n\n\n\n<p>Join us this week at one of our short 15-minute member meetings to receive a gift and learn more about how we are continuing to organize to win strong raises and benefits in our Master Contract Negotiations!<\/p>\n\n\n\n<p><\/p>\n\n\n\n<p><strong>Lunes Febrero 12 \/ Monday Feburary 12th<\/strong><\/p>\n\n\n\n<ul class=\"wp-block-list\">\n<li>5PM Republic Plaza &#8211; 370 17th Street Denver<\/li>\n\n\n\n<li>6PM Denver Tech Center &#8211; 8515 Orchard Road Denver<\/li>\n<\/ul>\n\n\n\n<p><\/p>\n\n\n\n<p><strong>Martes Febrero 13 \/ Tuesday February 13th<\/strong><\/p>\n\n\n\n<ul class=\"wp-block-list\">\n<li>4:30PM &#8211; 1290 Broadway Denver<\/li>\n<\/ul>\n\n\n\n<p><\/p>\n\n\n\n<p><strong>Miercoles Febrero 14\/ Wednesday February 14th<\/strong><\/p>\n\n\n\n<ul class=\"wp-block-list\">\n<li>5PM Crescent &#8211;&nbsp;8400 Crescent Parkway<\/li>\n<\/ul>\n\n\n\n<p><\/p>\n\n\n\n<p><strong>Jueves Febrero 15 \/ Thursday February 15th<\/strong><\/p>\n\n\n\n<ul class=\"wp-block-list\">\n<li>12PM &#8211; Dominion &#8211; 600 17st Denver<\/li>\n\n\n\n<li>2:30PM y 3:15PM &#8211; Coors&nbsp; Brewery Street, 13th St, Golden, CO 80401<\/li>\n\n\n\n<li>5:30PM Cherry Tower&nbsp;&nbsp;950 S Cherry St G-14, Denver, CO 80246<\/li>\n<\/ul>\n\n\n\n<p><\/p>\n\n\n\n<div class=\"wp-block-buttons is-layout-flex wp-block-buttons-is-layout-flex\">\n<div class=\"wp-block-button\"><a class=\"wp-block-button__link has-background wp-element-button\" href=\"https:\/\/seiu105.info\/denverj4jfb\" style=\"background-color:#592c82\"><strong>\u00a1Haga clic aqu\u00ed para unirse a nuestro grupo de Facebook con las \u00faltimas noticias e informaci\u00f3n!<\/strong><\/a><\/div>\n\n\n\n<div class=\"wp-block-button\"><a class=\"wp-block-button__link has-black-color has-luminous-vivid-amber-background-color has-text-color has-background wp-element-button\" href=\"https:\/\/seiu105.info\/denverj4jfb\"><strong>Click here to join our Facebook group with all the latest news and information!<\/strong><\/a><\/div>\n<\/div>","protected":false},"excerpt":{"rendered":"<p>\u00danase a nosotros esta semana en una de nuestras breves reuniones de miembros de 15 minutos para recibir un regalo y obtener m\u00e1s informaci\u00f3n sobre c\u00f3mo continuamos organiz\u00e1ndonos para ganar fuertes aumentos y beneficios en nuestras Negociaciones de el Contrato Maestro. Join us this week at one of our short 15-minute member meetings to receive [&hellip;]<\/p>","protected":false},"author":16,"featured_media":7061,"parent":0,"menu_order":0,"comment_status":"closed","ping_status":"closed","template":"","meta":{"_exactmetrics_skip_tracking":false,"_exactmetrics_sitenote_active":false,"_exactmetrics_sitenote_note":"","_exactmetrics_sitenote_category":0,"footnotes":""},"class_list":["post-7056","page","type-page","status-publish","has-post-thumbnail","hentry"],"yoast_head":"<!-- This site is optimized with the Yoast SEO plugin v25.2 - https:\/\/yoast.com\/wordpress\/plugins\/seo\/ -->\n<title>Reuniones de miembros de la Semana de San Valent\u00edn \/ Valentines Week Member Meetings! - SEIU Local 105<\/title>\n<meta name=\"robots\" content=\"index, follow, max-snippet:-1, max-image-preview:large, max-video-preview:-1\" \/>\n<link rel=\"canonical\" href=\"https:\/\/www.seiu105.org\/es\/valentinreuniones\/\" \/>\n<meta property=\"og:locale\" content=\"es_MX\" \/>\n<meta property=\"og:type\" content=\"article\" \/>\n<meta property=\"og:title\" content=\"Reuniones de miembros de la Semana de San Valent\u00edn \/ Valentines Week Member Meetings! - SEIU Local 105\" \/>\n<meta property=\"og:description\" content=\"\u00danase a nosotros esta semana en una de nuestras breves reuniones de miembros de 15 minutos para recibir un regalo y obtener m\u00e1s informaci\u00f3n sobre c\u00f3mo continuamos organiz\u00e1ndonos para ganar fuertes aumentos y beneficios en nuestras Negociaciones de el Contrato Maestro. Join us this week at one of our short 15-minute member meetings to receive [&hellip;]\" \/>\n<meta property=\"og:url\" content=\"https:\/\/www.seiu105.org\/es\/valentinreuniones\/\" \/>\n<meta property=\"og:site_name\" content=\"SEIU Local 105\" \/>\n<meta property=\"article:publisher\" content=\"https:\/\/www.facebook.com\/SEIU105\" \/>\n<meta property=\"article:modified_time\" content=\"2024-02-12T20:37:02+00:00\" \/>\n<meta property=\"og:image\" content=\"https:\/\/www.seiu105.org\/wp-content\/uploads\/2024\/02\/427827804_7447734735258500_8356778428050434244_n.jpg\" \/>\n\t<meta property=\"og:image:width\" content=\"2048\" \/>\n\t<meta property=\"og:image:height\" content=\"1536\" \/>\n\t<meta property=\"og:image:type\" content=\"image\/jpeg\" \/>\n<meta name=\"twitter:card\" content=\"summary_large_image\" \/>\n<meta name=\"twitter:site\" content=\"@SEIU105\" \/>\n<meta name=\"twitter:label1\" content=\"Tiempo de lectura\" \/>\n\t<meta name=\"twitter:data1\" content=\"2 minutos\" \/>\n<script type=\"application\/ld+json\" class=\"yoast-schema-graph\">{\"@context\":\"https:\/\/schema.org\",\"@graph\":[{\"@type\":\"WebPage\",\"@id\":\"https:\/\/www.seiu105.org\/valentinreuniones\/\",\"url\":\"https:\/\/www.seiu105.org\/valentinreuniones\/\",\"name\":\"Reuniones de miembros de la Semana de San Valent\u00edn \/ Valentines Week Member Meetings! - SEIU Local 105\",\"isPartOf\":{\"@id\":\"https:\/\/live-seiu-local-105.pantheonsite.io\/#website\"},\"primaryImageOfPage\":{\"@id\":\"https:\/\/www.seiu105.org\/valentinreuniones\/#primaryimage\"},\"image\":{\"@id\":\"https:\/\/www.seiu105.org\/valentinreuniones\/#primaryimage\"},\"thumbnailUrl\":\"https:\/\/www.seiu105.org\/wp-content\/uploads\/2024\/02\/427827804_7447734735258500_8356778428050434244_n.jpg\",\"datePublished\":\"2024-02-12T20:30:52+00:00\",\"dateModified\":\"2024-02-12T20:37:02+00:00\",\"breadcrumb\":{\"@id\":\"https:\/\/www.seiu105.org\/valentinreuniones\/#breadcrumb\"},\"inLanguage\":\"es\",\"potentialAction\":[{\"@type\":\"ReadAction\",\"target\":[\"https:\/\/www.seiu105.org\/valentinreuniones\/\"]}]},{\"@type\":\"ImageObject\",\"inLanguage\":\"es\",\"@id\":\"https:\/\/www.seiu105.org\/valentinreuniones\/#primaryimage\",\"url\":\"https:\/\/www.seiu105.org\/wp-content\/uploads\/2024\/02\/427827804_7447734735258500_8356778428050434244_n.jpg\",\"contentUrl\":\"https:\/\/www.seiu105.org\/wp-content\/uploads\/2024\/02\/427827804_7447734735258500_8356778428050434244_n.jpg\",\"width\":2048,\"height\":1536},{\"@type\":\"BreadcrumbList\",\"@id\":\"https:\/\/www.seiu105.org\/valentinreuniones\/#breadcrumb\",\"itemListElement\":[{\"@type\":\"ListItem\",\"position\":1,\"name\":\"Home\",\"item\":\"https:\/\/live-seiu-local-105.pantheonsite.io\/\"},{\"@type\":\"ListItem\",\"position\":2,\"name\":\"Reuniones de miembros de la Semana de San Valent\u00edn \/ Valentines Week Member Meetings!\"}]},{\"@type\":\"WebSite\",\"@id\":\"https:\/\/live-seiu-local-105.pantheonsite.io\/#website\",\"url\":\"https:\/\/live-seiu-local-105.pantheonsite.io\/\",\"name\":\"SEIU Local 105\",\"description\":\"\",\"publisher\":{\"@id\":\"https:\/\/live-seiu-local-105.pantheonsite.io\/#organization\"},\"potentialAction\":[{\"@type\":\"SearchAction\",\"target\":{\"@type\":\"EntryPoint\",\"urlTemplate\":\"https:\/\/live-seiu-local-105.pantheonsite.io\/?s={search_term_string}\"},\"query-input\":{\"@type\":\"PropertyValueSpecification\",\"valueRequired\":true,\"valueName\":\"search_term_string\"}}],\"inLanguage\":\"es\"},{\"@type\":\"Organization\",\"@id\":\"https:\/\/live-seiu-local-105.pantheonsite.io\/#organization\",\"name\":\"SEIU Local 105\",\"url\":\"https:\/\/live-seiu-local-105.pantheonsite.io\/\",\"logo\":{\"@type\":\"ImageObject\",\"inLanguage\":\"es\",\"@id\":\"https:\/\/live-seiu-local-105.pantheonsite.io\/#\/schema\/logo\/image\/\",\"url\":\"https:\/\/live-seiu-local-105.pantheonsite.io\/wp-content\/uploads\/2019\/08\/seiu105-logo-box.jpg\",\"contentUrl\":\"https:\/\/live-seiu-local-105.pantheonsite.io\/wp-content\/uploads\/2019\/08\/seiu105-logo-box.jpg\",\"width\":1500,\"height\":1500,\"caption\":\"SEIU Local 105\"},\"image\":{\"@id\":\"https:\/\/live-seiu-local-105.pantheonsite.io\/#\/schema\/logo\/image\/\"},\"sameAs\":[\"https:\/\/www.facebook.com\/SEIU105\",\"https:\/\/x.com\/SEIU105\",\"https:\/\/www.youtube.com\/channel\/UCi4D3lDRABd_KewLDS74_cQ\"]}]}<\/script>\n<!-- \/ Yoast SEO plugin. -->","yoast_head_json":{"title":"Reuniones de miembros de la Semana de San Valent\u00edn \/ Valentines Week Member Meetings! - SEIU Local 105","robots":{"index":"index","follow":"follow","max-snippet":"max-snippet:-1","max-image-preview":"max-image-preview:large","max-video-preview":"max-video-preview:-1"},"canonical":"https:\/\/www.seiu105.org\/es\/valentinreuniones\/","og_locale":"es_MX","og_type":"article","og_title":"Reuniones de miembros de la Semana de San Valent\u00edn \/ Valentines Week Member Meetings! - SEIU Local 105","og_description":"\u00danase a nosotros esta semana en una de nuestras breves reuniones de miembros de 15 minutos para recibir un regalo y obtener m\u00e1s informaci\u00f3n sobre c\u00f3mo continuamos organiz\u00e1ndonos para ganar fuertes aumentos y beneficios en nuestras Negociaciones de el Contrato Maestro. Join us this week at one of our short 15-minute member meetings to receive [&hellip;]","og_url":"https:\/\/www.seiu105.org\/es\/valentinreuniones\/","og_site_name":"SEIU Local 105","article_publisher":"https:\/\/www.facebook.com\/SEIU105","article_modified_time":"2024-02-12T20:37:02+00:00","og_image":[{"width":2048,"height":1536,"url":"https:\/\/www.seiu105.org\/wp-content\/uploads\/2024\/02\/427827804_7447734735258500_8356778428050434244_n.jpg","type":"image\/jpeg"}],"twitter_card":"summary_large_image","twitter_site":"@SEIU105","twitter_misc":{"Tiempo de lectura":"2 minutos"},"schema":{"@context":"https:\/\/schema.org","@graph":[{"@type":"WebPage","@id":"https:\/\/www.seiu105.org\/valentinreuniones\/","url":"https:\/\/www.seiu105.org\/valentinreuniones\/","name":"Reuniones de miembros de la Semana de San Valent\u00edn \/ Valentines Week Member Meetings! - SEIU Local 105","isPartOf":{"@id":"https:\/\/live-seiu-local-105.pantheonsite.io\/#website"},"primaryImageOfPage":{"@id":"https:\/\/www.seiu105.org\/valentinreuniones\/#primaryimage"},"image":{"@id":"https:\/\/www.seiu105.org\/valentinreuniones\/#primaryimage"},"thumbnailUrl":"https:\/\/www.seiu105.org\/wp-content\/uploads\/2024\/02\/427827804_7447734735258500_8356778428050434244_n.jpg","datePublished":"2024-02-12T20:30:52+00:00","dateModified":"2024-02-12T20:37:02+00:00","breadcrumb":{"@id":"https:\/\/www.seiu105.org\/valentinreuniones\/#breadcrumb"},"inLanguage":"es","potentialAction":[{"@type":"ReadAction","target":["https:\/\/www.seiu105.org\/valentinreuniones\/"]}]},{"@type":"ImageObject","inLanguage":"es","@id":"https:\/\/www.seiu105.org\/valentinreuniones\/#primaryimage","url":"https:\/\/www.seiu105.org\/wp-content\/uploads\/2024\/02\/427827804_7447734735258500_8356778428050434244_n.jpg","contentUrl":"https:\/\/www.seiu105.org\/wp-content\/uploads\/2024\/02\/427827804_7447734735258500_8356778428050434244_n.jpg","width":2048,"height":1536},{"@type":"BreadcrumbList","@id":"https:\/\/www.seiu105.org\/valentinreuniones\/#breadcrumb","itemListElement":[{"@type":"ListItem","position":1,"name":"Home","item":"https:\/\/live-seiu-local-105.pantheonsite.io\/"},{"@type":"ListItem","position":2,"name":"Reuniones de miembros de la Semana de San Valent\u00edn \/ Valentines Week Member Meetings!"}]},{"@type":"WebSite","@id":"https:\/\/live-seiu-local-105.pantheonsite.io\/#website","url":"https:\/\/live-seiu-local-105.pantheonsite.io\/","name":"SEIU Local 105","description":"","publisher":{"@id":"https:\/\/live-seiu-local-105.pantheonsite.io\/#organization"},"potentialAction":[{"@type":"SearchAction","target":{"@type":"EntryPoint","urlTemplate":"https:\/\/live-seiu-local-105.pantheonsite.io\/?s={search_term_string}"},"query-input":{"@type":"PropertyValueSpecification","valueRequired":true,"valueName":"search_term_string"}}],"inLanguage":"es"},{"@type":"Organization","@id":"https:\/\/live-seiu-local-105.pantheonsite.io\/#organization","name":"SEIU Local 105","url":"https:\/\/live-seiu-local-105.pantheonsite.io\/","logo":{"@type":"ImageObject","inLanguage":"es","@id":"https:\/\/live-seiu-local-105.pantheonsite.io\/#\/schema\/logo\/image\/","url":"https:\/\/live-seiu-local-105.pantheonsite.io\/wp-content\/uploads\/2019\/08\/seiu105-logo-box.jpg","contentUrl":"https:\/\/live-seiu-local-105.pantheonsite.io\/wp-content\/uploads\/2019\/08\/seiu105-logo-box.jpg","width":1500,"height":1500,"caption":"SEIU Local 105"},"image":{"@id":"https:\/\/live-seiu-local-105.pantheonsite.io\/#\/schema\/logo\/image\/"},"sameAs":["https:\/\/www.facebook.com\/SEIU105","https:\/\/x.com\/SEIU105","https:\/\/www.youtube.com\/channel\/UCi4D3lDRABd_KewLDS74_cQ"]}]}},"_links":{"self":[{"href":"https:\/\/www.seiu105.org\/es\/wp-json\/wp\/v2\/pages\/7056","targetHints":{"allow":["GET"]}}],"collection":[{"href":"https:\/\/www.seiu105.org\/es\/wp-json\/wp\/v2\/pages"}],"about":[{"href":"https:\/\/www.seiu105.org\/es\/wp-json\/wp\/v2\/types\/page"}],"author":[{"embeddable":true,"href":"https:\/\/www.seiu105.org\/es\/wp-json\/wp\/v2\/users\/16"}],"replies":[{"embeddable":true,"href":"https:\/\/www.seiu105.org\/es\/wp-json\/wp\/v2\/comments?post=7056"}],"version-history":[{"count":3,"href":"https:\/\/www.seiu105.org\/es\/wp-json\/wp\/v2\/pages\/7056\/revisions"}],"predecessor-version":[{"id":7063,"href":"https:\/\/www.seiu105.org\/es\/wp-json\/wp\/v2\/pages\/7056\/revisions\/7063"}],"wp:featuredmedia":[{"embeddable":true,"href":"https:\/\/www.seiu105.org\/es\/wp-json\/wp\/v2\/media\/7061"}],"wp:attachment":[{"href":"https:\/\/www.seiu105.org\/es\/wp-json\/wp\/v2\/media?parent=7056"}],"curies":[{"name":"wp","href":"https:\/\/api.w.org\/{rel}","templated":true}]}}